{"id":1367,"date":"2025-04-11T12:20:36","date_gmt":"2025-04-11T10:20:36","guid":{"rendered":"https:\/\/aureliedamesacree.fr\/?page_id=1367"},"modified":"2025-09-22T15:27:41","modified_gmt":"2025-09-22T13:27:41","slug":"formations","status":"publish","type":"page","link":"https:\/\/aureliedamesacree.fr\/index.php\/formations\/","title":{"rendered":"Formations"},"content":{"rendered":"","protected":false},"excerpt":{"rendered":"","protected":false},"author":1,"featured_media":0,"parent":0,"menu_order":0,"comment_status":"closed","ping_status":"closed","template":"","meta":{"_et_pb_use_builder":"on","_et_pb_old_content":"","_et_gb_content_width":"","footnotes":""},"class_list":["post-1367","page","type-page","status-publish","hentry"],"yoast_head":"<!-- This site is optimized with the Yoast SEO plugin v25.3.1 - https:\/\/yoast.com\/wordpress\/plugins\/seo\/ -->\n<title>Formations - Aurelie d&#039;\u00c2me Sacr\u00e9e<\/title>\n<meta name=\"robots\" content=\"index, follow, max-snippet:-1, max-image-preview:large, max-video-preview:-1\" \/>\n<link rel=\"canonical\" href=\"https:\/\/aureliedamesacree.fr\/index.php\/formations\/\" \/>\n<meta property=\"og:locale\" content=\"fr_FR\" \/>\n<meta property=\"og:type\" content=\"article\" \/>\n<meta property=\"og:title\" content=\"Formations - Aurelie d&#039;\u00c2me Sacr\u00e9e\" \/>\n<meta property=\"og:url\" content=\"https:\/\/aureliedamesacree.fr\/index.php\/formations\/\" \/>\n<meta property=\"og:site_name\" content=\"Aurelie d&#039;\u00c2me Sacr\u00e9e\" \/>\n<meta property=\"article:modified_time\" content=\"2025-09-22T13:27:41+00:00\" \/>\n<meta name=\"twitter:card\" content=\"summary_large_image\" \/>\n<meta name=\"twitter:label1\" content=\"Dur\u00e9e de lecture estim\u00e9e\" \/>\n\t<meta name=\"twitter:data1\" content=\"7 minutes\" \/>\n<script type=\"application\/ld+json\" class=\"yoast-schema-graph\">{\"@context\":\"https:\/\/schema.org\",\"@graph\":[{\"@type\":\"WebPage\",\"@id\":\"https:\/\/aureliedamesacree.fr\/index.php\/formations\/\",\"url\":\"https:\/\/aureliedamesacree.fr\/index.php\/formations\/\",\"name\":\"Formations - Aurelie d&#039;\u00c2me Sacr\u00e9e\",\"isPartOf\":{\"@id\":\"https:\/\/aureliedamesacree.fr\/#website\"},\"datePublished\":\"2025-04-11T10:20:36+00:00\",\"dateModified\":\"2025-09-22T13:27:41+00:00\",\"breadcrumb\":{\"@id\":\"https:\/\/aureliedamesacree.fr\/index.php\/formations\/#breadcrumb\"},\"inLanguage\":\"fr-FR\",\"potentialAction\":[{\"@type\":\"ReadAction\",\"target\":[\"https:\/\/aureliedamesacree.fr\/index.php\/formations\/\"]}]},{\"@type\":\"BreadcrumbList\",\"@id\":\"https:\/\/aureliedamesacree.fr\/index.php\/formations\/#breadcrumb\",\"itemListElement\":[{\"@type\":\"ListItem\",\"position\":1,\"name\":\"Home\",\"item\":\"https:\/\/aureliedamesacree.fr\/\"},{\"@type\":\"ListItem\",\"position\":2,\"name\":\"Formations\"}]},{\"@type\":\"WebSite\",\"@id\":\"https:\/\/aureliedamesacree.fr\/#website\",\"url\":\"https:\/\/aureliedamesacree.fr\/\",\"name\":\"Aurelie d&#039;\u00c2me Sacr\u00e9e\",\"description\":\"\u2728Chaque \u00e2me \u00e0 le potentiel de transformer et de s&#039;\u00e9panouir\u2728\",\"potentialAction\":[{\"@type\":\"SearchAction\",\"target\":{\"@type\":\"EntryPoint\",\"urlTemplate\":\"https:\/\/aureliedamesacree.fr\/?s={search_term_string}\"},\"query-input\":{\"@type\":\"PropertyValueSpecification\",\"valueRequired\":true,\"valueName\":\"search_term_string\"}}],\"inLanguage\":\"fr-FR\"}]}<\/script>\n<!-- \/ Yoast SEO plugin. -->","yoast_head_json":{"title":"Formations - Aurelie d&#039;\u00c2me Sacr\u00e9e","robots":{"index":"index","follow":"follow","max-snippet":"max-snippet:-1","max-image-preview":"max-image-preview:large","max-video-preview":"max-video-preview:-1"},"canonical":"https:\/\/aureliedamesacree.fr\/index.php\/formations\/","og_locale":"fr_FR","og_type":"article","og_title":"Formations - Aurelie d&#039;\u00c2me Sacr\u00e9e","og_url":"https:\/\/aureliedamesacree.fr\/index.php\/formations\/","og_site_name":"Aurelie d&#039;\u00c2me Sacr\u00e9e","article_modified_time":"2025-09-22T13:27:41+00:00","twitter_card":"summary_large_image","twitter_misc":{"Dur\u00e9e de lecture estim\u00e9e":"7 minutes"},"schema":{"@context":"https:\/\/schema.org","@graph":[{"@type":"WebPage","@id":"https:\/\/aureliedamesacree.fr\/index.php\/formations\/","url":"https:\/\/aureliedamesacree.fr\/index.php\/formations\/","name":"Formations - Aurelie d&#039;\u00c2me Sacr\u00e9e","isPartOf":{"@id":"https:\/\/aureliedamesacree.fr\/#website"},"datePublished":"2025-04-11T10:20:36+00:00","dateModified":"2025-09-22T13:27:41+00:00","breadcrumb":{"@id":"https:\/\/aureliedamesacree.fr\/index.php\/formations\/#breadcrumb"},"inLanguage":"fr-FR","potentialAction":[{"@type":"ReadAction","target":["https:\/\/aureliedamesacree.fr\/index.php\/formations\/"]}]},{"@type":"BreadcrumbList","@id":"https:\/\/aureliedamesacree.fr\/index.php\/formations\/#breadcrumb","itemListElement":[{"@type":"ListItem","position":1,"name":"Home","item":"https:\/\/aureliedamesacree.fr\/"},{"@type":"ListItem","position":2,"name":"Formations"}]},{"@type":"WebSite","@id":"https:\/\/aureliedamesacree.fr\/#website","url":"https:\/\/aureliedamesacree.fr\/","name":"Aurelie d&#039;\u00c2me Sacr\u00e9e","description":"\u2728Chaque \u00e2me \u00e0 le potentiel de transformer et de s&#039;\u00e9panouir\u2728","potentialAction":[{"@type":"SearchAction","target":{"@type":"EntryPoint","urlTemplate":"https:\/\/aureliedamesacree.fr\/?s={search_term_string}"},"query-input":{"@type":"PropertyValueSpecification","valueRequired":true,"valueName":"search_term_string"}}],"inLanguage":"fr-FR"}]}},"jetpack_sharing_enabled":true,"_links":{"self":[{"href":"https:\/\/aureliedamesacree.fr\/index.php\/wp-json\/wp\/v2\/pages\/1367","targetHints":{"allow":["GET"]}}],"collection":[{"href":"https:\/\/aureliedamesacree.fr\/index.php\/wp-json\/wp\/v2\/pages"}],"about":[{"href":"https:\/\/aureliedamesacree.fr\/index.php\/wp-json\/wp\/v2\/types\/page"}],"author":[{"embeddable":true,"href":"https:\/\/aureliedamesacree.fr\/index.php\/wp-json\/wp\/v2\/users\/1"}],"replies":[{"embeddable":true,"href":"https:\/\/aureliedamesacree.fr\/index.php\/wp-json\/wp\/v2\/comments?post=1367"}],"version-history":[{"count":3,"href":"https:\/\/aureliedamesacree.fr\/index.php\/wp-json\/wp\/v2\/pages\/1367\/revisions"}],"predecessor-version":[{"id":2133,"href":"https:\/\/aureliedamesacree.fr\/index.php\/wp-json\/wp\/v2\/pages\/1367\/revisions\/2133"}],"wp:attachment":[{"href":"https:\/\/aureliedamesacree.fr\/index.php\/wp-json\/wp\/v2\/media?parent=1367"}],"curies":[{"name":"wp","href":"https:\/\/api.w.org\/{rel}","templated":true}]}}