{"id":2315,"date":"2025-09-22T16:05:01","date_gmt":"2025-09-22T14:05:01","guid":{"rendered":"https:\/\/aureliedamesacree.fr\/?page_id=2315"},"modified":"2025-11-10T20:38:02","modified_gmt":"2025-11-10T19:38:02","slug":"apropos-2","status":"publish","type":"page","link":"https:\/\/aureliedamesacree.fr\/index.php\/apropos-2\/","title":{"rendered":"\u00c0Propos"},"content":{"rendered":"\n\n\n\n\n\n\n\n\n\n\n\n\n\n\n\n\n\n\n\n\n\n\n\n\n\n\n\n\n\n\n\n\n\n\n\n\n\n\n\n\n\n\n\n\n\n\n\n\n\n\n\n\n\n\n\n\n\n\n\n\n\n","protected":false},"excerpt":{"rendered":"","protected":false},"author":1,"featured_media":0,"parent":0,"menu_order":0,"comment_status":"closed","ping_status":"closed","template":"","meta":{"footnotes":""},"class_list":["post-2315","page","type-page","status-publish","hentry"],"yoast_head":"<!-- This site is optimized with the Yoast SEO plugin v25.3.1 - https:\/\/yoast.com\/wordpress\/plugins\/seo\/ -->\n<title>\u00c0Propos - Aurelie d&#039;\u00c2me Sacr\u00e9e<\/title>\n<meta name=\"robots\" content=\"index, follow, max-snippet:-1, max-image-preview:large, max-video-preview:-1\" \/>\n<link rel=\"canonical\" href=\"https:\/\/aureliedamesacree.fr\/index.php\/apropos-2\/\" \/>\n<meta property=\"og:locale\" content=\"fr_FR\" \/>\n<meta property=\"og:type\" content=\"article\" \/>\n<meta property=\"og:title\" content=\"\u00c0Propos - Aurelie d&#039;\u00c2me Sacr\u00e9e\" \/>\n<meta property=\"og:url\" content=\"https:\/\/aureliedamesacree.fr\/index.php\/apropos-2\/\" \/>\n<meta property=\"og:site_name\" content=\"Aurelie d&#039;\u00c2me Sacr\u00e9e\" \/>\n<meta property=\"article:modified_time\" content=\"2025-11-10T19:38:02+00:00\" \/>\n<meta name=\"twitter:card\" content=\"summary_large_image\" \/>\n<script type=\"application\/ld+json\" class=\"yoast-schema-graph\">{\"@context\":\"https:\/\/schema.org\",\"@graph\":[{\"@type\":\"WebPage\",\"@id\":\"https:\/\/aureliedamesacree.fr\/index.php\/apropos-2\/\",\"url\":\"https:\/\/aureliedamesacree.fr\/index.php\/apropos-2\/\",\"name\":\"\u00c0Propos - Aurelie d&#039;\u00c2me Sacr\u00e9e\",\"isPartOf\":{\"@id\":\"https:\/\/aureliedamesacree.fr\/#website\"},\"datePublished\":\"2025-09-22T14:05:01+00:00\",\"dateModified\":\"2025-11-10T19:38:02+00:00\",\"breadcrumb\":{\"@id\":\"https:\/\/aureliedamesacree.fr\/index.php\/apropos-2\/#breadcrumb\"},\"inLanguage\":\"fr-FR\",\"potentialAction\":[{\"@type\":\"ReadAction\",\"target\":[\"https:\/\/aureliedamesacree.fr\/index.php\/apropos-2\/\"]}]},{\"@type\":\"BreadcrumbList\",\"@id\":\"https:\/\/aureliedamesacree.fr\/index.php\/apropos-2\/#breadcrumb\",\"itemListElement\":[{\"@type\":\"ListItem\",\"position\":1,\"name\":\"Home\",\"item\":\"https:\/\/aureliedamesacree.fr\/\"},{\"@type\":\"ListItem\",\"position\":2,\"name\":\"\u00c0Propos\"}]},{\"@type\":\"WebSite\",\"@id\":\"https:\/\/aureliedamesacree.fr\/#website\",\"url\":\"https:\/\/aureliedamesacree.fr\/\",\"name\":\"Aurelie d&#039;\u00c2me Sacr\u00e9e\",\"description\":\"\u2728Chaque \u00e2me \u00e0 le potentiel de transformer et de s&#039;\u00e9panouir\u2728\",\"potentialAction\":[{\"@type\":\"SearchAction\",\"target\":{\"@type\":\"EntryPoint\",\"urlTemplate\":\"https:\/\/aureliedamesacree.fr\/?s={search_term_string}\"},\"query-input\":{\"@type\":\"PropertyValueSpecification\",\"valueRequired\":true,\"valueName\":\"search_term_string\"}}],\"inLanguage\":\"fr-FR\"}]}<\/script>\n<!-- \/ Yoast SEO plugin. -->","yoast_head_json":{"title":"\u00c0Propos - Aurelie d&#039;\u00c2me Sacr\u00e9e","robots":{"index":"index","follow":"follow","max-snippet":"max-snippet:-1","max-image-preview":"max-image-preview:large","max-video-preview":"max-video-preview:-1"},"canonical":"https:\/\/aureliedamesacree.fr\/index.php\/apropos-2\/","og_locale":"fr_FR","og_type":"article","og_title":"\u00c0Propos - Aurelie d&#039;\u00c2me Sacr\u00e9e","og_url":"https:\/\/aureliedamesacree.fr\/index.php\/apropos-2\/","og_site_name":"Aurelie d&#039;\u00c2me Sacr\u00e9e","article_modified_time":"2025-11-10T19:38:02+00:00","twitter_card":"summary_large_image","schema":{"@context":"https:\/\/schema.org","@graph":[{"@type":"WebPage","@id":"https:\/\/aureliedamesacree.fr\/index.php\/apropos-2\/","url":"https:\/\/aureliedamesacree.fr\/index.php\/apropos-2\/","name":"\u00c0Propos - Aurelie d&#039;\u00c2me Sacr\u00e9e","isPartOf":{"@id":"https:\/\/aureliedamesacree.fr\/#website"},"datePublished":"2025-09-22T14:05:01+00:00","dateModified":"2025-11-10T19:38:02+00:00","breadcrumb":{"@id":"https:\/\/aureliedamesacree.fr\/index.php\/apropos-2\/#breadcrumb"},"inLanguage":"fr-FR","potentialAction":[{"@type":"ReadAction","target":["https:\/\/aureliedamesacree.fr\/index.php\/apropos-2\/"]}]},{"@type":"BreadcrumbList","@id":"https:\/\/aureliedamesacree.fr\/index.php\/apropos-2\/#breadcrumb","itemListElement":[{"@type":"ListItem","position":1,"name":"Home","item":"https:\/\/aureliedamesacree.fr\/"},{"@type":"ListItem","position":2,"name":"\u00c0Propos"}]},{"@type":"WebSite","@id":"https:\/\/aureliedamesacree.fr\/#website","url":"https:\/\/aureliedamesacree.fr\/","name":"Aurelie d&#039;\u00c2me Sacr\u00e9e","description":"\u2728Chaque \u00e2me \u00e0 le potentiel de transformer et de s&#039;\u00e9panouir\u2728","potentialAction":[{"@type":"SearchAction","target":{"@type":"EntryPoint","urlTemplate":"https:\/\/aureliedamesacree.fr\/?s={search_term_string}"},"query-input":{"@type":"PropertyValueSpecification","valueRequired":true,"valueName":"search_term_string"}}],"inLanguage":"fr-FR"}]}},"jetpack_sharing_enabled":true,"_links":{"self":[{"href":"https:\/\/aureliedamesacree.fr\/index.php\/wp-json\/wp\/v2\/pages\/2315","targetHints":{"allow":["GET"]}}],"collection":[{"href":"https:\/\/aureliedamesacree.fr\/index.php\/wp-json\/wp\/v2\/pages"}],"about":[{"href":"https:\/\/aureliedamesacree.fr\/index.php\/wp-json\/wp\/v2\/types\/page"}],"author":[{"embeddable":true,"href":"https:\/\/aureliedamesacree.fr\/index.php\/wp-json\/wp\/v2\/users\/1"}],"replies":[{"embeddable":true,"href":"https:\/\/aureliedamesacree.fr\/index.php\/wp-json\/wp\/v2\/comments?post=2315"}],"version-history":[{"count":17,"href":"https:\/\/aureliedamesacree.fr\/index.php\/wp-json\/wp\/v2\/pages\/2315\/revisions"}],"predecessor-version":[{"id":2700,"href":"https:\/\/aureliedamesacree.fr\/index.php\/wp-json\/wp\/v2\/pages\/2315\/revisions\/2700"}],"wp:attachment":[{"href":"https:\/\/aureliedamesacree.fr\/index.php\/wp-json\/wp\/v2\/media?parent=2315"}],"curies":[{"name":"wp","href":"https:\/\/api.w.org\/{rel}","templated":true}]}}